{"id":27369,"date":"2025-04-09T14:14:10","date_gmt":"2025-04-09T12:14:10","guid":{"rendered":"https:\/\/resibo.pl\/blog\/?page_id=27369"},"modified":"2025-04-09T14:14:14","modified_gmt":"2025-04-09T12:14:14","slug":"polityka-cookies","status":"publish","type":"page","link":"https:\/\/resibo.pl\/blog\/polityka-cookies\/","title":{"rendered":"Polityka Cookies"},"content":{"rendered":"<div class=\"vgblk-rw-wrapper limit-wrapper\">\n<p><\/p>\n\n\n\n<p>1. Pliki cookies (tzw. \u201eciasteczka\u201d) stanowi\u0105 dane informatyczne, w szczeg\u00f3lno\u015bci pliki tekstowe, kt\u00f3re przechowywane s\u0105 w urz\u0105dzeniu ko\u0144cowym U\u017cytkownika Serwisu i przeznaczone s\u0105 do korzystania ze stron internetowych Serwisu. Cookies zazwyczaj zawieraj\u0105 nazw\u0119 strony internetowej, z kt\u00f3rej pochodz\u0105, czas przechowywania ich na urz\u0105dzeniu ko\u0144cowym oraz unikalny numer.<\/p>\n\n\n\n<p>2. Podmiotem zamieszczaj\u0105cym na urz\u0105dzeniu ko\u0144cowym U\u017cytkownika Serwisu pliki cookies oraz uzyskuj\u0105cym do nich dost\u0119p jest operator Serwisu BETLEY Sp. z o.o. z siedzib\u0105 w \u015awidnicy przy ul.&nbsp;Spacerowej 13.<br><\/p>\n\n\n\n<p>3. Pliki cookies wykorzystywane s\u0105 w celu:<br><br>a) dostosowania zawarto\u015bci stron internetowych Serwisu do preferencji U\u017cytkownika oraz optymalizacji korzystania ze stron internetowych; w szczeg\u00f3lno\u015bci pliki te pozwalaj\u0105 rozpozna\u0107 urz\u0105dzenie U\u017cytkownika Serwisu i odpowiednio wy\u015bwietli\u0107 stron\u0119 internetow\u0105, dostosowan\u0105 do jego indywidualnych potrzeb;<\/p>\n\n\n\n<p>b) tworzenia statystyk, kt\u00f3re pomagaj\u0105 zrozumie\u0107, w jaki spos\u00f3b U\u017cytkownicy Serwisu korzystaj\u0105 ze stron internetowych, co umo\u017cliwia ulepszanie ich struktury i zawarto\u015bci;<br><br>c) utrzymania sesji U\u017cytkownika Serwisu (po zalogowaniu), dzi\u0119ki kt\u00f3rej U\u017cytkownik nie musi na ka\u017cdej podstronie Serwisu ponownie wpisywa\u0107 loginu i has\u0142a;<br><\/p>\n\n\n\n<p>4. W ramach Serwisu stosowane s\u0105 dwa zasadnicze rodzaje plik\u00f3w cookies: \u201esesyjne\u201d (session cookies) oraz \u201esta\u0142e\u201d (persistent cookies). Cookies \u201esesyjne\u201d s\u0105 plikami tymczasowymi, kt\u00f3re przechowywane s\u0105 w urz\u0105dzeniu ko\u0144cowym U\u017cytkownika do czasu wylogowania, opuszczenia strony internetowej lub wy\u0142\u0105czenia oprogramowania (przegl\u0105darki internetowej). \u201eSta\u0142e\u201d pliki cookies przechowywane s\u0105 w urz\u0105dzeniu ko\u0144cowym U\u017cytkownika przez czas okre\u015blony w parametrach plik\u00f3w cookies lub do czasu ich usuni\u0119cia przez U\u017cytkownika.<\/p>\n\n\n\n<p>5. W ramach Serwisu stosowane s\u0105 nast\u0119puj\u0105ce rodzaje plik\u00f3w cookies:<\/p>\n\n\n\n<p>a) \u201eniezb\u0119dne\u201d pliki cookies, umo\u017cliwiaj\u0105ce korzystanie z us\u0142ug dost\u0119pnych w ramach Serwisu, np. uwierzytelniaj\u0105ce pliki cookies wykorzystywane do us\u0142ug wymagaj\u0105cych uwierzytelniania w ramach Serwisu;<br><br>b) pliki cookies s\u0142u\u017c\u0105ce do zapewnienia bezpiecze\u0144stwa, np. wykorzystywane do wykrywania nadu\u017cy\u0107 w zakresie uwierzytelniania w ramach Serwisu;<br><br>c)&nbsp;\u201ewydajno\u015bciowe\u201d pliki cookies, umo\u017cliwiaj\u0105ce zbieranie informacji o sposobie korzystania ze stron internetowych Serwisu;<br><br>d) \u201efunkcjonalne\u201d pliki cookies, umo\u017cliwiaj\u0105ce \u201ezapami\u0119tanie\u201d wybranych przez U\u017cytkownika ustawie\u0144 i personalizacj\u0119 interfejsu U\u017cytkownika, np. w zakresie wybranego j\u0119zyka lub regionu, z kt\u00f3rego pochodzi U\u017cytkownik, rozmiaru czcionki, wygl\u0105du strony internetowej itp.;<br><br>e)\u201ereklamowe\u201d pliki cookies, umo\u017cliwiaj\u0105ce dostarczanie U\u017cytkownikom tre\u015bci reklamowych bardziej dostosowanych do ich zainteresowa\u0144.<\/p>\n\n\n\n<p>6. Szczeg\u00f3\u0142owe informacje o plikach cookies, w tym czasu ich przechowywania w ramach Serwisu s\u0105 zawarte w ustawieniach plik\u00f3w cookies.<br><br>Dost\u0119p do Serwisu mo\u017cliwy jest tylko w przypadku korzystania z niezb\u0119dnych plik\u00f3w cookie. Dlatego przechowywanie ich na Urz\u0105dzeniu lub uzyskiwanie do nich dost\u0119pu nie wymaga uzyskania zgody. Z tego powodu zarz\u0105dzanie niezb\u0119dnymi plikami cookie nie jest mo\u017cliwe.<br><br>Zmiana ustawie\u0144 niezb\u0119dnych plik\u00f3w cookies, w tym ich zablokowanie lub usuni\u0119cie mo\u017cliwe jest z poziomu przegl\u0105darki. Taka operacja wi\u0105\u017ce si\u0119 z uniemo\u017cliwieniem lub znacznym utrudnieniem korzystania z Serwisu, dlatego ich wy\u0142\u0105czanie nie jest wskazane.<\/p>\n\n\n\n<p>Poni\u017cej znajduje si\u0119 lista z odno\u015bnikami do instrukcji umo\u017cliwiaj\u0105cych zarz\u0105dzanie cookies, wed\u0142ug wy\u017cej opisanego zakresu, dla przyk\u0142adowych przegl\u0105darek internetowych:<\/p>\n\n\n\n<p>Safari: <a href=\"https:\/\/support.apple.com\/kb\/PH5042?locale=en-GB\">https:\/\/support.apple.com\/kb\/PH5042?locale=en-GB<\/a><br>Google Chrome: <a href=\"https:\/\/support.google.com\/chrome\/bin\/answer.py?hl=pl&amp;answer=95647\">https:\/\/support.google.com\/chrome\/bin\/answer.py?hl=pl&amp;answer=95647<\/a><br>Mozilla Firefox: <a href=\"https:\/\/support.mozilla.org\/pl\/kb\/ciasteczka\">https:\/\/support.mozilla.org\/pl\/kb\/ciasteczka<\/a><br>Microsoft Edge: <a href=\"https:\/\/support.microsoft.com\/pl-pl\/microsoft-edge\/usuwanie-plik%C3%B3w-cookie-w-przegl%C4%85darce-microsoft-edge-63947406-40ac-c3b8-57b9-2a946a29ae09\">https:\/\/support.microsoft.com\/pl-pl\/microsoft-edge\/usuwanie-plik%C3%B3w-cookie-w-przegl%C4%85darce-microsoft-edge-63947406-40ac-c3b8-57b9-2a946a29ae09<\/a><br>Opera: <a href=\"https:\/\/help.opera.com\/Windows\/12.10\/pl\/cookies.html\">https:\/\/help.opera.com\/Windows\/12.10\/pl\/cookies.html<\/a><\/p>\n\n\n\n<p>Mo\u017cliwe jest tak\u017ce sprawdzenie w ka\u017cdej chwili stanu aktualnych ustawie\u0144 prywatno\u015bci dla aktualnie u\u017cywanej przegl\u0105darki internetowej, korzystaj\u0105c z przyk\u0142adowych narz\u0119dzi:<\/p>\n\n\n\n<p><a href=\"http:\/\/www.youronlinechoices.com\/pl\/\">http:\/\/www.youronlinechoices.com\/pl\/<\/a><br><a href=\"http:\/\/youradchoices.com\/\">http:\/\/youradchoices.com<\/a><br><a href=\"http:\/\/optout.aboutads.info\/\">http:\/\/optout.aboutads.info<\/a><br><\/p>\n\n\n\n<p>7. Narz\u0119dzia analityczne i marketingowe stosuj\u0105ce pliki cookies, kt\u00f3re wykorzystujemy:<\/p>\n\n\n\n<p>a) <strong>Google Tag Manager<\/strong><br>W ramach Google Anatylics oraz Google Ads stosowane jest narz\u0119dzie Google Tag Manager. Jego celem jest zarz\u0105dzanie kampaniami reklamowymi oraz mierzenie ich skuteczno\u015bci.<\/p>\n\n\n\n<p>b) <strong>SalesManago<\/strong><br>Narz\u0119dzie pozwala na: mierzenie ruchu i aktywno\u015bci u\u017cytkownik\u00f3w w Serwisie, wysy\u0142k\u0119 mailing\u00f3w, segmentacj\u0119 u\u017cytkownik\u00f3w wed\u0142ug ich aktywno\u015bci w Serwisie.<\/p>\n\n\n\n<p>Wi\u0119cej informacji na stronie partnera: <a href=\"https:\/\/pomoc.salesmanago.pl\/monitorowanie-kontaktow-zasada-dzialania-i-zakres-zbieranych-informacji\/\">https:\/\/pomoc.salesmanago.pl\/monitorowanie-kontaktow-zasada-dzialania-i-zakres-zbieranych-informacji\/<\/a><\/p>\n\n\n\n<p><\/p>\n\n\n\n<p>8. Wi\u0119cej informacji na temat plik\u00f3w cookies dost\u0119pnych jest pod adresem <a href=\"http:\/\/wszystkoociasteczkach.pl\/\">http:\/\/wszystkoociasteczkach.pl<\/a><\/p>\n<\/div><!-- .vgblk-rw-wrapper -->","protected":false},"excerpt":{"rendered":"<p>1. Pliki cookies (tzw. \u201eciasteczka\u201d) stanowi\u0105 dane informatyczne, w szczeg\u00f3lno\u015bci pliki tekstowe, kt\u00f3re przechowywane s\u0105 w urz\u0105dzeniu ko\u0144cowym U\u017cytkownika Serwisu i przeznaczone s\u0105 do korzystania ze stron internetowych Serwisu. Cookies zazwyczaj zawieraj\u0105 nazw\u0119 strony internetowej, z kt\u00f3rej pochodz\u0105, czas przechowywania ich na urz\u0105dzeniu ko\u0144cowym oraz unikalny numer. 2. Podmiotem zamieszczaj\u0105cym na urz\u0105dzeniu ko\u0144cowym U\u017cytkownika Serwisu&#8230;<\/p>\n","protected":false},"author":19,"featured_media":0,"parent":0,"menu_order":0,"comment_status":"closed","ping_status":"closed","template":"","meta":{"footnotes":""},"class_list":["post-27369","page","type-page","status-publish","hentry"],"yoast_head":"<!-- This site is optimized with the Yoast SEO plugin v27.3 - https:\/\/yoast.com\/product\/yoast-seo-wordpress\/ -->\n<title>Polityka Cookies - Kosmetyki naturalne Resibo<\/title>\n<meta name=\"robots\" content=\"index, follow, max-snippet:-1, max-image-preview:large, max-video-preview:-1\" \/>\n<link rel=\"canonical\" href=\"https:\/\/resibo.pl\/blog\/polityka-cookies\/\" \/>\n<meta property=\"og:locale\" content=\"pl_PL\" \/>\n<meta property=\"og:type\" content=\"article\" \/>\n<meta property=\"og:title\" content=\"Polityka Cookies - Kosmetyki naturalne Resibo\" \/>\n<meta property=\"og:description\" content=\"1. Pliki cookies (tzw. \u201eciasteczka\u201d) stanowi\u0105 dane informatyczne, w szczeg\u00f3lno\u015bci pliki tekstowe, kt\u00f3re przechowywane s\u0105 w urz\u0105dzeniu ko\u0144cowym U\u017cytkownika Serwisu i przeznaczone s\u0105 do korzystania ze stron internetowych Serwisu. Cookies zazwyczaj zawieraj\u0105 nazw\u0119 strony internetowej, z kt\u00f3rej pochodz\u0105, czas przechowywania ich na urz\u0105dzeniu ko\u0144cowym oraz unikalny numer. 2. Podmiotem zamieszczaj\u0105cym na urz\u0105dzeniu ko\u0144cowym U\u017cytkownika Serwisu...\" \/>\n<meta property=\"og:url\" content=\"https:\/\/resibo.pl\/blog\/polityka-cookies\/\" \/>\n<meta property=\"og:site_name\" content=\"Kosmetyki naturalne Resibo\" \/>\n<meta property=\"article:publisher\" content=\"http:\/\/facebook.com\/resiboPL\" \/>\n<meta property=\"article:modified_time\" content=\"2025-04-09T12:14:14+00:00\" \/>\n<meta name=\"twitter:label1\" content=\"Szacowany czas czytania\" \/>\n\t<meta name=\"twitter:data1\" content=\"4 minuty\" \/>\n<script type=\"application\/ld+json\" class=\"yoast-schema-graph\">{\"@context\":\"https:\\\/\\\/schema.org\",\"@graph\":[{\"@type\":\"WebPage\",\"@id\":\"https:\\\/\\\/resibo.pl\\\/blog\\\/polityka-cookies\\\/\",\"url\":\"https:\\\/\\\/resibo.pl\\\/blog\\\/polityka-cookies\\\/\",\"name\":\"Polityka Cookies - Kosmetyki naturalne Resibo\",\"isPartOf\":{\"@id\":\"https:\\\/\\\/resibo.pl\\\/blog\\\/#website\"},\"datePublished\":\"2025-04-09T12:14:10+00:00\",\"dateModified\":\"2025-04-09T12:14:14+00:00\",\"breadcrumb\":{\"@id\":\"https:\\\/\\\/resibo.pl\\\/blog\\\/polityka-cookies\\\/#breadcrumb\"},\"inLanguage\":\"pl-PL\",\"potentialAction\":[{\"@type\":\"ReadAction\",\"target\":[\"https:\\\/\\\/resibo.pl\\\/blog\\\/polityka-cookies\\\/\"]}]},{\"@type\":\"BreadcrumbList\",\"@id\":\"https:\\\/\\\/resibo.pl\\\/blog\\\/polityka-cookies\\\/#breadcrumb\",\"itemListElement\":[{\"@type\":\"ListItem\",\"position\":1,\"name\":\"Strona g\u0142\u00f3wna\",\"item\":\"https:\\\/\\\/resibo.pl\\\/blog\\\/\"},{\"@type\":\"ListItem\",\"position\":2,\"name\":\"Polityka Cookies\"}]},{\"@type\":\"WebSite\",\"@id\":\"https:\\\/\\\/resibo.pl\\\/blog\\\/#website\",\"url\":\"https:\\\/\\\/resibo.pl\\\/blog\\\/\",\"name\":\"Kosmetyki naturalne Resibo\",\"description\":\"\",\"publisher\":{\"@id\":\"https:\\\/\\\/resibo.pl\\\/blog\\\/#organization\"},\"potentialAction\":[{\"@type\":\"SearchAction\",\"target\":{\"@type\":\"EntryPoint\",\"urlTemplate\":\"https:\\\/\\\/resibo.pl\\\/blog\\\/?s={search_term_string}\"},\"query-input\":{\"@type\":\"PropertyValueSpecification\",\"valueRequired\":true,\"valueName\":\"search_term_string\"}}],\"inLanguage\":\"pl-PL\"},{\"@type\":\"Organization\",\"@id\":\"https:\\\/\\\/resibo.pl\\\/blog\\\/#organization\",\"name\":\"Resibo\",\"url\":\"https:\\\/\\\/resibo.pl\\\/blog\\\/\",\"logo\":{\"@type\":\"ImageObject\",\"inLanguage\":\"pl-PL\",\"@id\":\"https:\\\/\\\/resibo.pl\\\/blog\\\/#\\\/schema\\\/logo\\\/image\\\/\",\"url\":\"https:\\\/\\\/resibo.pl\\\/blog\\\/wp-content\\\/uploads\\\/2022\\\/02\\\/cropped-logo.png\",\"contentUrl\":\"https:\\\/\\\/resibo.pl\\\/blog\\\/wp-content\\\/uploads\\\/2022\\\/02\\\/cropped-logo.png\",\"width\":274,\"height\":109,\"caption\":\"Resibo\"},\"image\":{\"@id\":\"https:\\\/\\\/resibo.pl\\\/blog\\\/#\\\/schema\\\/logo\\\/image\\\/\"},\"sameAs\":[\"http:\\\/\\\/facebook.com\\\/resiboPL\",\"http:\\\/\\\/instagram.com\\\/resibobynature\"]}]}<\/script>\n<!-- \/ Yoast SEO plugin. -->","yoast_head_json":{"title":"Polityka Cookies - Kosmetyki naturalne Resibo","robots":{"index":"index","follow":"follow","max-snippet":"max-snippet:-1","max-image-preview":"max-image-preview:large","max-video-preview":"max-video-preview:-1"},"canonical":"https:\/\/resibo.pl\/blog\/polityka-cookies\/","og_locale":"pl_PL","og_type":"article","og_title":"Polityka Cookies - Kosmetyki naturalne Resibo","og_description":"1. Pliki cookies (tzw. \u201eciasteczka\u201d) stanowi\u0105 dane informatyczne, w szczeg\u00f3lno\u015bci pliki tekstowe, kt\u00f3re przechowywane s\u0105 w urz\u0105dzeniu ko\u0144cowym U\u017cytkownika Serwisu i przeznaczone s\u0105 do korzystania ze stron internetowych Serwisu. Cookies zazwyczaj zawieraj\u0105 nazw\u0119 strony internetowej, z kt\u00f3rej pochodz\u0105, czas przechowywania ich na urz\u0105dzeniu ko\u0144cowym oraz unikalny numer. 2. Podmiotem zamieszczaj\u0105cym na urz\u0105dzeniu ko\u0144cowym U\u017cytkownika Serwisu...","og_url":"https:\/\/resibo.pl\/blog\/polityka-cookies\/","og_site_name":"Kosmetyki naturalne Resibo","article_publisher":"http:\/\/facebook.com\/resiboPL","article_modified_time":"2025-04-09T12:14:14+00:00","twitter_misc":{"Szacowany czas czytania":"4 minuty"},"schema":{"@context":"https:\/\/schema.org","@graph":[{"@type":"WebPage","@id":"https:\/\/resibo.pl\/blog\/polityka-cookies\/","url":"https:\/\/resibo.pl\/blog\/polityka-cookies\/","name":"Polityka Cookies - Kosmetyki naturalne Resibo","isPartOf":{"@id":"https:\/\/resibo.pl\/blog\/#website"},"datePublished":"2025-04-09T12:14:10+00:00","dateModified":"2025-04-09T12:14:14+00:00","breadcrumb":{"@id":"https:\/\/resibo.pl\/blog\/polityka-cookies\/#breadcrumb"},"inLanguage":"pl-PL","potentialAction":[{"@type":"ReadAction","target":["https:\/\/resibo.pl\/blog\/polityka-cookies\/"]}]},{"@type":"BreadcrumbList","@id":"https:\/\/resibo.pl\/blog\/polityka-cookies\/#breadcrumb","itemListElement":[{"@type":"ListItem","position":1,"name":"Strona g\u0142\u00f3wna","item":"https:\/\/resibo.pl\/blog\/"},{"@type":"ListItem","position":2,"name":"Polityka Cookies"}]},{"@type":"WebSite","@id":"https:\/\/resibo.pl\/blog\/#website","url":"https:\/\/resibo.pl\/blog\/","name":"Kosmetyki naturalne Resibo","description":"","publisher":{"@id":"https:\/\/resibo.pl\/blog\/#organization"},"potentialAction":[{"@type":"SearchAction","target":{"@type":"EntryPoint","urlTemplate":"https:\/\/resibo.pl\/blog\/?s={search_term_string}"},"query-input":{"@type":"PropertyValueSpecification","valueRequired":true,"valueName":"search_term_string"}}],"inLanguage":"pl-PL"},{"@type":"Organization","@id":"https:\/\/resibo.pl\/blog\/#organization","name":"Resibo","url":"https:\/\/resibo.pl\/blog\/","logo":{"@type":"ImageObject","inLanguage":"pl-PL","@id":"https:\/\/resibo.pl\/blog\/#\/schema\/logo\/image\/","url":"https:\/\/resibo.pl\/blog\/wp-content\/uploads\/2022\/02\/cropped-logo.png","contentUrl":"https:\/\/resibo.pl\/blog\/wp-content\/uploads\/2022\/02\/cropped-logo.png","width":274,"height":109,"caption":"Resibo"},"image":{"@id":"https:\/\/resibo.pl\/blog\/#\/schema\/logo\/image\/"},"sameAs":["http:\/\/facebook.com\/resiboPL","http:\/\/instagram.com\/resibobynature"]}]}},"_links":{"self":[{"href":"https:\/\/resibo.pl\/blog\/wp-json\/wp\/v2\/pages\/27369","targetHints":{"allow":["GET"]}}],"collection":[{"href":"https:\/\/resibo.pl\/blog\/wp-json\/wp\/v2\/pages"}],"about":[{"href":"https:\/\/resibo.pl\/blog\/wp-json\/wp\/v2\/types\/page"}],"author":[{"embeddable":true,"href":"https:\/\/resibo.pl\/blog\/wp-json\/wp\/v2\/users\/19"}],"replies":[{"embeddable":true,"href":"https:\/\/resibo.pl\/blog\/wp-json\/wp\/v2\/comments?post=27369"}],"version-history":[{"count":1,"href":"https:\/\/resibo.pl\/blog\/wp-json\/wp\/v2\/pages\/27369\/revisions"}],"predecessor-version":[{"id":27372,"href":"https:\/\/resibo.pl\/blog\/wp-json\/wp\/v2\/pages\/27369\/revisions\/27372"}],"wp:attachment":[{"href":"https:\/\/resibo.pl\/blog\/wp-json\/wp\/v2\/media?parent=27369"}],"curies":[{"name":"wp","href":"https:\/\/api.w.org\/{rel}","templated":true}]}}